{"id":5230,"date":"2014-03-25T16:00:54","date_gmt":"2014-03-25T16:00:54","guid":{"rendered":"http:\/\/www.avalonsnc.com\/sito\/?page_id=5230"},"modified":"2026-03-19T18:33:46","modified_gmt":"2026-03-19T17:33:46","slug":"avalon-editore","status":"publish","type":"page","link":"https:\/\/www.avalonsnc.com\/sito\/avalon-editore\/","title":{"rendered":"Vuoi pubblicare il tuo libro?"},"content":{"rendered":"[vc_row][vc_column][vc_single_image image=&#8221;5617&#8243; img_size=&#8221;600&#215;340&#8243; alignment=&#8221;center&#8221;][\/vc_column][\/vc_row][vc_row][vc_column][vc_column_text]\n<p style=\"text-align: justify;\">Avalon Editore \u00e8 il megafono di cui avevi finalmente bisogno per far sentire la tua voce. Con il nostro aiuto ci\u00f2 che hai scritto verr\u00e0 trasformato in un libro di pregiata fattura.<\/p>\n<p style=\"text-align: justify;\">Ti offriamo la possibilit\u00e0 di stampare o pubblicare un libro in totale autonomia, mantenendone ogni Diritto d\u2019Autore e rimanendo libero da vincoli di contratto.<\/p>\n<p style=\"text-align: center;\"><span style=\"font-size: 18px;\"><strong>Stampa o Pubblicazione?<\/strong><\/span><\/p>\n<p style=\"text-align: justify;\">Potrai decidere di effettuare una semplice stampa (per un regalo, un convegno, un catalogo fotografico, una tesi di laurea, un uso comunque personale) oppure di proporre il testo per una pubblicazione di Avalon Editore.<\/p>\n[\/vc_column_text][\/vc_column][\/vc_row][vc_row][vc_column]<div class=\"vcex-spacing\" style=\"height:30px\"><\/div>[\/vc_column][\/vc_row][vc_row][vc_column width=&#8221;1\/3&#8243;]<div class=\"vcex-module vcex-pricing\"><div class=\"vcex-pricing-header clr\">Stampa<\/div><div class=\"vcex-pricing-cost clr\"><div class=\"vcex-pricing-ammount\">Include<\/div><\/div><div class=\"vcex-pricing-content clr\">\n<ul>\n<li>Nessun ordine minimo<\/li>\n<li>Nessun costo nascosto<\/li>\n<li>Paghi solo le copie ordinate<\/li>\n<\/ul>\n<\/div><div class=\"vcex-pricing-button\"><a href=\"http:\/\/www.avalonsnc.com\/sito\/stampa-il-tuo-libro\" class=\"theme-button\">Info<\/a><\/div><\/div>[\/vc_column][vc_column width=&#8221;1\/3&#8243;]<div class=\"vcex-module vcex-pricing\"><div class=\"vcex-pricing-header clr\">Autopubblicazione<\/div><div class=\"vcex-pricing-cost clr\"><div class=\"vcex-pricing-ammount\">Include<\/div><\/div><div class=\"vcex-pricing-content clr\">\n<ul>\n<li><span style=\"line-height: 1.5em\">Pubblicazione in tempi rapidi<\/span><\/li>\n<li><span style=\"line-height: 1.5em\">Pubblicazione sul nostro sito<\/span><\/li>\n<li><span style=\"line-height: 1.5em\">Decidi tu il prezzo di copertina<\/span><\/li>\n<\/ul>\n<\/div><div class=\"vcex-pricing-button\"><a href=\"http:\/\/www.avalonsnc.com\/sito\/pubblica-il-tuo-libro\" class=\"theme-button\">Info<\/a><\/div><\/div>[\/vc_column][vc_column width=&#8221;1\/3&#8243;]<div class=\"vcex-module vcex-pricing\"><div class=\"vcex-pricing-header clr\">Pubblicazione Avalon<\/div><div class=\"vcex-pricing-cost clr\"><div class=\"vcex-pricing-ammount\">Include<\/div><\/div><div class=\"vcex-pricing-content clr\">\n<ul>\n<li>Attribuzione codice ISBN<\/li>\n<li>Royalty sulle vendite<\/li>\n<li>In vendita in tutte le librerie<\/li>\n<\/ul>\n<\/div><div class=\"vcex-pricing-button\"><a href=\"http:\/\/www.avalonsnc.com\/sito\/pubblica-gratis-il-tuo-libro\" class=\"theme-button\">Info<\/a><\/div><\/div>[\/vc_column][\/vc_row]\n","protected":false},"excerpt":{"rendered":"<p>[vc_row][vc_column][vc_single_image image=&#8221;5617&#8243; img_size=&#8221;600&#215;340&#8243; alignment=&#8221;center&#8221;][\/vc_column][\/vc_row][vc_row][vc_column][vc_column_text] Avalon Editore \u00e8 il megafono di cui avevi finalmente bisogno per far sentire la tua voce. Con il nostro aiuto ci\u00f2 che hai scritto verr\u00e0 trasformato in un libro di pregiata fattura. Ti offriamo la possibilit\u00e0&hellip;<\/p>\n","protected":false},"author":1,"featured_media":0,"parent":0,"menu_order":0,"comment_status":"open","ping_status":"open","template":"","meta":[],"_links":{"self":[{"href":"https:\/\/www.avalonsnc.com\/sito\/wp-json\/wp\/v2\/pages\/5230"}],"collection":[{"href":"https:\/\/www.avalonsnc.com\/sito\/wp-json\/wp\/v2\/pages"}],"about":[{"href":"https:\/\/www.avalonsnc.com\/sito\/wp-json\/wp\/v2\/types\/page"}],"author":[{"embeddable":true,"href":"https:\/\/www.avalonsnc.com\/sito\/wp-json\/wp\/v2\/users\/1"}],"replies":[{"embeddable":true,"href":"https:\/\/www.avalonsnc.com\/sito\/wp-json\/wp\/v2\/comments?post=5230"}],"version-history":[{"count":21,"href":"https:\/\/www.avalonsnc.com\/sito\/wp-json\/wp\/v2\/pages\/5230\/revisions"}],"predecessor-version":[{"id":5618,"href":"https:\/\/www.avalonsnc.com\/sito\/wp-json\/wp\/v2\/pages\/5230\/revisions\/5618"}],"wp:attachment":[{"href":"https:\/\/www.avalonsnc.com\/sito\/wp-json\/wp\/v2\/media?parent=5230"}],"curies":[{"name":"wp","href":"https:\/\/api.w.org\/{rel}","templated":true}]}}